{"id":72,"date":"2020-03-05T18:21:14","date_gmt":"2020-03-05T18:21:14","guid":{"rendered":"http:\/\/cvp-wp.io\/?page_id=72"},"modified":"2020-04-25T21:20:00","modified_gmt":"2020-04-25T21:20:00","slug":"casos-de-exito","status":"publish","type":"page","link":"https:\/\/www.cvp.com.mx\/blog\/blog1\/casos-de-exito\/","title":{"rendered":"Casos de \u00c9xito"},"content":{"rendered":"\t\t<div data-elementor-type=\"wp-page\" data-elementor-id=\"72\" class=\"elementor elementor-72\">\n\t\t\t\t\t\t<section class=\"elementor-section elementor-top-section elementor-element elementor-element-79b8579 elementor-section-full_width elementor-section-height-min-height elementor-section-items-bottom elementor-section-height-default\" data-id=\"79b8579\" data-element_type=\"section\">\n\t\t\t\t\t\t<div class=\"elementor-container elementor-column-gap-default\">\n\t\t\t\t\t<div class=\"elementor-column elementor-col-100 elementor-top-column elementor-element elementor-element-4f82196\" data-id=\"4f82196\" data-element_type=\"column\">\n\t\t\t<div class=\"elementor-widget-wrap elementor-element-populated\">\n\t\t\t\t\t\t<div class=\"elementor-element elementor-element-ea16d9b elementor-widget elementor-widget-image\" data-id=\"ea16d9b\" data-element_type=\"widget\" data-widget_type=\"image.default\">\n\t\t\t\t<div class=\"elementor-widget-container\">\n\t\t\t\t\t\t\t\t\t\t\t\t\t<img fetchpriority=\"high\" decoding=\"async\" width=\"1568\" height=\"286\" src=\"https:\/\/www.cvp.com.mx\/blog\/wp-content\/uploads\/2020\/04\/Blog3-1568x286.jpg\" class=\"attachment-post-thumbnail size-post-thumbnail wp-image-194\" alt=\"\" srcset=\"https:\/\/www.cvp.com.mx\/blog\/wp-content\/uploads\/2020\/04\/Blog3-1568x286.jpg 1568w, https:\/\/www.cvp.com.mx\/blog\/wp-content\/uploads\/2020\/04\/Blog3-300x55.jpg 300w, https:\/\/www.cvp.com.mx\/blog\/wp-content\/uploads\/2020\/04\/Blog3-1024x187.jpg 1024w, https:\/\/www.cvp.com.mx\/blog\/wp-content\/uploads\/2020\/04\/Blog3-768x140.jpg 768w, https:\/\/www.cvp.com.mx\/blog\/wp-content\/uploads\/2020\/04\/Blog3-1536x280.jpg 1536w, https:\/\/www.cvp.com.mx\/blog\/wp-content\/uploads\/2020\/04\/Blog3.jpg 1920w\" sizes=\"(max-width: 1568px) 100vw, 1568px\" \/>\t\t\t\t\t\t\t\t\t\t\t\t\t<\/div>\n\t\t\t\t<\/div>\n\t\t\t\t<div class=\"elementor-element elementor-element-f544e6b elementor-widget elementor-widget-html\" data-id=\"f544e6b\" data-element_type=\"widget\" data-widget_type=\"html.default\">\n\t\t\t\t<div class=\"elementor-widget-container\">\n\t\t\t<div class=\"page-wrap\" style=\"display: none;\">\r\n        <h1>This is your site.<\/h1>\r\n    <\/div>\r\n\r\n    <div class=\"mature-content-warning\">\r\n\r\n        <div class=\"modal fade\" id=\"myModal\">\r\n            <div class=\"modal-dialog\">\r\n                <div class=\"modal-content\">\r\n                    <div class=\"modal-header\">\r\n                        <h4 class=\"modal-title\">Mature Content Warning<\/h4>\r\n                    <\/div>\r\n                    <div class=\"modal-body\">\r\n                        <p class=\"lead\">Are you 18 yrs old?<\/p>\r\n                    <\/div>\r\n                    <div class=\"modal-footer\">\r\n                        <button type=\"button\" class=\"btn btn-success continue\" data-dismiss=\"modal\">Yes<\/button>\r\n                    <\/div>\r\n                <\/div><!-- \/.modal-content -->\r\n            <\/div><!-- \/.modal-dialog -->\r\n        <\/div><!-- \/.modal -->\r\n\r\n    <\/div>\r\n\r\n    <!-- vendors -->\r\n\t\t<\/div>\n\t\t\t\t<\/div>\n\t\t\t\t\t<\/div>\n\t\t<\/div>\n\t\t\t\t\t<\/div>\n\t\t<\/section>\n\t\t\t\t<section class=\"elementor-section elementor-top-section elementor-element elementor-element-1620955 elementor-section-boxed elementor-section-height-default elementor-section-height-default\" data-id=\"1620955\" data-element_type=\"section\">\n\t\t\t\t\t\t<div class=\"elementor-container elementor-column-gap-default\">\n\t\t\t\t\t<div class=\"elementor-column elementor-col-50 elementor-top-column elementor-element elementor-element-d3b5797\" data-id=\"d3b5797\" data-element_type=\"column\">\n\t\t\t<div class=\"elementor-widget-wrap elementor-element-populated\">\n\t\t\t\t\t\t<div class=\"elementor-element elementor-element-040a36b elementor-grid-eael-col-3 elementor-grid-tablet-eael-col-2 elementor-grid-mobile-eael-col-1 elementor-widget elementor-widget-eael-post-grid\" data-id=\"040a36b\" data-element_type=\"widget\" data-settings=\"{&quot;eael_post_grid_columns&quot;:&quot;eael-col-3&quot;,&quot;eael_post_grid_columns_tablet&quot;:&quot;eael-col-2&quot;,&quot;eael_post_grid_columns_mobile&quot;:&quot;eael-col-1&quot;}\" data-widget_type=\"eael-post-grid.default\">\n\t\t\t\t<div class=\"elementor-widget-container\">\n\t\t\t<div id=\"eael-post-grid-040a36b\" class=\"eael-post-grid-container\">\n            <div class=\"eael-post-grid eael-post-appender eael-post-appender-040a36b eael-post-grid-style-one\" data-layout-mode=\"masonry\"><article class=\"eael-grid-post eael-post-grid-column\" data-id=\"619\">\n        <div class=\"eael-grid-post-holder\">\n            <div class=\"eael-grid-post-holder-inner\"><div class=\"eael-entry-media\"><div class=\"eael-entry-overlay fade-in\"><i class=\"fas fa-long-arrow-alt-right\" aria-hidden=\"true\"><\/i><a href=\"https:\/\/www.cvp.com.mx\/blog\/2021\/04\/26\/romeo-paciente-con-megaesofago-congenito\/\"><\/a><\/div><div class=\"eael-entry-thumbnail \">\n                <img decoding=\"async\" width=\"300\" height=\"169\" src=\"https:\/\/www.cvp.com.mx\/blog\/wp-content\/uploads\/2021\/04\/Romeo1-300x169.jpg\" class=\"attachment-medium size-medium wp-image-634\" alt=\"\" srcset=\"https:\/\/www.cvp.com.mx\/blog\/wp-content\/uploads\/2021\/04\/Romeo1-300x169.jpg 300w, https:\/\/www.cvp.com.mx\/blog\/wp-content\/uploads\/2021\/04\/Romeo1.jpg 720w\" sizes=\"(max-width: 300px) 100vw, 300px\" \/>\n            <\/div>\n        <\/div><div class=\"eael-entry-wrapper\"><header class=\"eael-entry-header\"><h2 class=\"eael-entry-title\"><a\n                        class=\"eael-grid-post-link\"\n                        href=\"https:\/\/www.cvp.com.mx\/blog\/2021\/04\/26\/romeo-paciente-con-megaesofago-congenito\/\"\n                        title=\"Romeo: Paciente con megaes\u00f3fago cong\u00e9nito.\">Romeo: Paciente con megaes\u00f3fago cong\u00e9nito.<\/a><\/h2><\/header><div class=\"eael-entry-content\">\n                        <div class=\"eael-grid-post-excerpt\"><p>Te presentamos a Romeo, \u00e9l lleg\u00f3 a CVP en agosto...<\/p><a\n                            href=\"https:\/\/www.cvp.com.mx\/blog\/2021\/04\/26\/romeo-paciente-con-megaesofago-congenito\/\"\n                            class=\"eael-post-elements-readmore-btn\">Leer M\u00e1s<\/a><\/div>\n                    <\/div><\/div><\/div>\n        <\/div>\n    <\/article><article class=\"eael-grid-post eael-post-grid-column\" data-id=\"584\">\n        <div class=\"eael-grid-post-holder\">\n            <div class=\"eael-grid-post-holder-inner\"><div class=\"eael-entry-media\"><div class=\"eael-entry-overlay fade-in\"><i class=\"fas fa-long-arrow-alt-right\" aria-hidden=\"true\"><\/i><a href=\"https:\/\/www.cvp.com.mx\/blog\/2020\/12\/07\/neumotorax-traumatico-en-gatos\/\"><\/a><\/div><div class=\"eael-entry-thumbnail \">\n                <img decoding=\"async\" width=\"300\" height=\"169\" src=\"https:\/\/www.cvp.com.mx\/blog\/wp-content\/uploads\/2020\/12\/Neumotorax_traumatico2-300x169.jpg\" class=\"attachment-medium size-medium wp-image-599\" alt=\"\" srcset=\"https:\/\/www.cvp.com.mx\/blog\/wp-content\/uploads\/2020\/12\/Neumotorax_traumatico2-300x169.jpg 300w, https:\/\/www.cvp.com.mx\/blog\/wp-content\/uploads\/2020\/12\/Neumotorax_traumatico2.jpg 720w\" sizes=\"(max-width: 300px) 100vw, 300px\" \/>\n            <\/div>\n        <\/div><div class=\"eael-entry-wrapper\"><header class=\"eael-entry-header\"><h2 class=\"eael-entry-title\"><a\n                        class=\"eael-grid-post-link\"\n                        href=\"https:\/\/www.cvp.com.mx\/blog\/2020\/12\/07\/neumotorax-traumatico-en-gatos\/\"\n                        title=\"Neumotorax traum\u00e1tico en gatos\">Neumotorax traum\u00e1tico en gatos<\/a><\/h2><\/header><div class=\"eael-entry-content\">\n                        <div class=\"eael-grid-post-excerpt\"><p>El neumot\u00f3rax se produce por la presencia de aire en...<\/p><a\n                            href=\"https:\/\/www.cvp.com.mx\/blog\/2020\/12\/07\/neumotorax-traumatico-en-gatos\/\"\n                            class=\"eael-post-elements-readmore-btn\">Leer M\u00e1s<\/a><\/div>\n                    <\/div><\/div><\/div>\n        <\/div>\n    <\/article><article class=\"eael-grid-post eael-post-grid-column\" data-id=\"485\">\n        <div class=\"eael-grid-post-holder\">\n            <div class=\"eael-grid-post-holder-inner\"><div class=\"eael-entry-media\"><div class=\"eael-entry-overlay fade-in\"><i class=\"fas fa-long-arrow-alt-right\" aria-hidden=\"true\"><\/i><a href=\"https:\/\/www.cvp.com.mx\/blog\/2020\/06\/02\/piometra-caso-patico\/\"><\/a><\/div><div class=\"eael-entry-thumbnail \">\n                <img loading=\"lazy\" decoding=\"async\" width=\"300\" height=\"169\" src=\"https:\/\/www.cvp.com.mx\/blog\/wp-content\/uploads\/2020\/06\/Piometra-Caso-patico-CVP-300x169.jpg\" class=\"attachment-medium size-medium wp-image-500\" alt=\"\" srcset=\"https:\/\/www.cvp.com.mx\/blog\/wp-content\/uploads\/2020\/06\/Piometra-Caso-patico-CVP-300x169.jpg 300w, https:\/\/www.cvp.com.mx\/blog\/wp-content\/uploads\/2020\/06\/Piometra-Caso-patico-CVP.jpg 720w\" sizes=\"(max-width: 300px) 100vw, 300px\" \/>\n            <\/div>\n        <\/div><div class=\"eael-entry-wrapper\"><header class=\"eael-entry-header\"><h2 class=\"eael-entry-title\"><a\n                        class=\"eael-grid-post-link\"\n                        href=\"https:\/\/www.cvp.com.mx\/blog\/2020\/06\/02\/piometra-caso-patico\/\"\n                        title=\"Piometra: Caso Patico\">Piometra: Caso Patico<\/a><\/h2><\/header><div class=\"eael-entry-content\">\n                        <div class=\"eael-grid-post-excerpt\"><p>Ella es Patico, Bulldog ingl\u00e9s que lleg\u00f3 a CVP, debido...<\/p><a\n                            href=\"https:\/\/www.cvp.com.mx\/blog\/2020\/06\/02\/piometra-caso-patico\/\"\n                            class=\"eael-post-elements-readmore-btn\">Leer M\u00e1s<\/a><\/div>\n                    <\/div><\/div><\/div>\n        <\/div>\n    <\/article><article class=\"eael-grid-post eael-post-grid-column\" data-id=\"422\">\n        <div class=\"eael-grid-post-holder\">\n            <div class=\"eael-grid-post-holder-inner\"><div class=\"eael-entry-media\"><div class=\"eael-entry-overlay fade-in\"><i class=\"fas fa-long-arrow-alt-right\" aria-hidden=\"true\"><\/i><a href=\"https:\/\/www.cvp.com.mx\/blog\/2020\/04\/24\/caso-clinico-gala\/\"><\/a><\/div><div class=\"eael-entry-thumbnail \">\n                <img loading=\"lazy\" decoding=\"async\" width=\"300\" height=\"169\" src=\"https:\/\/www.cvp.com.mx\/blog\/wp-content\/uploads\/2020\/04\/ImagenDestacada-2-300x169.jpg\" class=\"attachment-medium size-medium wp-image-505\" alt=\"\" srcset=\"https:\/\/www.cvp.com.mx\/blog\/wp-content\/uploads\/2020\/04\/ImagenDestacada-2-300x169.jpg 300w, https:\/\/www.cvp.com.mx\/blog\/wp-content\/uploads\/2020\/04\/ImagenDestacada-2.jpg 720w\" sizes=\"(max-width: 300px) 100vw, 300px\" \/>\n            <\/div>\n        <\/div><div class=\"eael-entry-wrapper\"><header class=\"eael-entry-header\"><h2 class=\"eael-entry-title\"><a\n                        class=\"eael-grid-post-link\"\n                        href=\"https:\/\/www.cvp.com.mx\/blog\/2020\/04\/24\/caso-clinico-gala\/\"\n                        title=\"Caso cl\u00ednico: Gala\">Caso cl\u00ednico: Gala<\/a><\/h2><\/header><div class=\"eael-entry-content\">\n                        <div class=\"eael-grid-post-excerpt\"><p>Ella es GALA, una pomerania de 3 meses de edad....<\/p><a\n                            href=\"https:\/\/www.cvp.com.mx\/blog\/2020\/04\/24\/caso-clinico-gala\/\"\n                            class=\"eael-post-elements-readmore-btn\">Leer M\u00e1s<\/a><\/div>\n                    <\/div><\/div><\/div>\n        <\/div>\n    <\/article><article class=\"eael-grid-post eael-post-grid-column\" data-id=\"416\">\n        <div class=\"eael-grid-post-holder\">\n            <div class=\"eael-grid-post-holder-inner\"><div class=\"eael-entry-media\"><div class=\"eael-entry-overlay fade-in\"><i class=\"fas fa-long-arrow-alt-right\" aria-hidden=\"true\"><\/i><a href=\"https:\/\/www.cvp.com.mx\/blog\/2020\/04\/24\/vacunacion\/\"><\/a><\/div><div class=\"eael-entry-thumbnail \">\n                <img loading=\"lazy\" decoding=\"async\" width=\"300\" height=\"169\" src=\"https:\/\/www.cvp.com.mx\/blog\/wp-content\/uploads\/2020\/04\/Vacunacion2-300x169.jpg\" class=\"attachment-medium size-medium wp-image-417\" alt=\"\" srcset=\"https:\/\/www.cvp.com.mx\/blog\/wp-content\/uploads\/2020\/04\/Vacunacion2-300x169.jpg 300w, https:\/\/www.cvp.com.mx\/blog\/wp-content\/uploads\/2020\/04\/Vacunacion2.jpg 720w\" sizes=\"(max-width: 300px) 100vw, 300px\" \/>\n            <\/div>\n        <\/div><div class=\"eael-entry-wrapper\"><header class=\"eael-entry-header\"><h2 class=\"eael-entry-title\"><a\n                        class=\"eael-grid-post-link\"\n                        href=\"https:\/\/www.cvp.com.mx\/blog\/2020\/04\/24\/vacunacion\/\"\n                        title=\"Vacunaci\u00f3n\">Vacunaci\u00f3n<\/a><\/h2><\/header><div class=\"eael-entry-content\">\n                        <div class=\"eael-grid-post-excerpt\"><p>De acuerdo con el sitio especializado en informaci\u00f3n sobre salud...<\/p><a\n                            href=\"https:\/\/www.cvp.com.mx\/blog\/2020\/04\/24\/vacunacion\/\"\n                            class=\"eael-post-elements-readmore-btn\">Leer M\u00e1s<\/a><\/div>\n                    <\/div><\/div><\/div>\n        <\/div>\n    <\/article><article class=\"eael-grid-post eael-post-grid-column\" data-id=\"96\">\n        <div class=\"eael-grid-post-holder\">\n            <div class=\"eael-grid-post-holder-inner\"><div class=\"eael-entry-media\"><div class=\"eael-entry-overlay fade-in\"><i class=\"fas fa-long-arrow-alt-right\" aria-hidden=\"true\"><\/i><a href=\"https:\/\/www.cvp.com.mx\/blog\/2020\/03\/05\/max-paciente-con-accidente-cerebrovascular\/\"><\/a><\/div><div class=\"eael-entry-thumbnail \">\n                <img loading=\"lazy\" decoding=\"async\" width=\"300\" height=\"169\" src=\"https:\/\/www.cvp.com.mx\/blog\/wp-content\/uploads\/2020\/03\/Max2-300x169.jpg\" class=\"attachment-medium size-medium wp-image-388\" alt=\"\" srcset=\"https:\/\/www.cvp.com.mx\/blog\/wp-content\/uploads\/2020\/03\/Max2-300x169.jpg 300w, https:\/\/www.cvp.com.mx\/blog\/wp-content\/uploads\/2020\/03\/Max2.jpg 720w\" sizes=\"(max-width: 300px) 100vw, 300px\" \/>\n            <\/div>\n        <\/div><div class=\"eael-entry-wrapper\"><header class=\"eael-entry-header\"><h2 class=\"eael-entry-title\"><a\n                        class=\"eael-grid-post-link\"\n                        href=\"https:\/\/www.cvp.com.mx\/blog\/2020\/03\/05\/max-paciente-con-accidente-cerebrovascular\/\"\n                        title=\"Max: paciente con Accidente Cerebrovascular\">Max: paciente con Accidente Cerebrovascular<\/a><\/h2><\/header><div class=\"eael-entry-content\">\n                        <div class=\"eael-grid-post-excerpt\"><p>El es Max un b\u00f3xer macho de 15 a\u00f1os llego...<\/p><a\n                            href=\"https:\/\/www.cvp.com.mx\/blog\/2020\/03\/05\/max-paciente-con-accidente-cerebrovascular\/\"\n                            class=\"eael-post-elements-readmore-btn\">Leer M\u00e1s<\/a><\/div>\n                    <\/div><\/div><\/div>\n        <\/div>\n    <\/article><\/div>\n            <div class=\"clearfix\"><\/div>\n        <\/div>\t\t<\/div>\n\t\t\t\t<\/div>\n\t\t\t\t\t<\/div>\n\t\t<\/div>\n\t\t\t\t<div class=\"elementor-column elementor-col-50 elementor-top-column elementor-element elementor-element-2ac6dce\" data-id=\"2ac6dce\" data-element_type=\"column\" data-settings=\"{&quot;background_background&quot;:&quot;gradient&quot;}\">\n\t\t\t<div class=\"elementor-widget-wrap elementor-element-populated\">\n\t\t\t\t\t\t<div class=\"elementor-element elementor-element-0153de8 elementor-widget elementor-widget-wp-widget-categories\" data-id=\"0153de8\" data-element_type=\"widget\" data-widget_type=\"wp-widget-categories.default\">\n\t\t\t\t<div class=\"elementor-widget-container\">\n\t\t\t<h5>Categor\u00edas<\/h5>\n\t\t\t<ul>\n\t\t\t\t\t<li class=\"cat-item cat-item-2\"><a href=\"https:\/\/www.cvp.com.mx\/blog\/category\/casos-de-exito\/\">Casos de \u00c9xito<\/a> (6)\n<ul class='children'>\n\t<li class=\"cat-item cat-item-36\"><a href=\"https:\/\/www.cvp.com.mx\/blog\/category\/casos-de-exito\/cirugia\/\">Cirug\u00eda<\/a> (1)\n<\/li>\n\t<li class=\"cat-item cat-item-5\"><a href=\"https:\/\/www.cvp.com.mx\/blog\/category\/casos-de-exito\/especialidades\/\">Especialidades<\/a> (1)\n<\/li>\n\t<li class=\"cat-item cat-item-6\"><a href=\"https:\/\/www.cvp.com.mx\/blog\/category\/casos-de-exito\/salud-dental\/\">Salud Dental<\/a> (1)\n<\/li>\n\t<li class=\"cat-item cat-item-4\"><a href=\"https:\/\/www.cvp.com.mx\/blog\/category\/casos-de-exito\/urgencias\/\">Urgencias<\/a> (2)\n<\/li>\n<\/ul>\n<\/li>\n\t<li class=\"cat-item cat-item-8\"><a href=\"https:\/\/www.cvp.com.mx\/blog\/category\/mas-de-tus-mascotas\/\">Mas de tus Mascotas<\/a> (23)\n<ul class='children'>\n\t<li class=\"cat-item cat-item-3\"><a href=\"https:\/\/www.cvp.com.mx\/blog\/category\/mas-de-tus-mascotas\/actividades\/\">Actividades<\/a> (5)\n<\/li>\n\t<li class=\"cat-item cat-item-11\"><a href=\"https:\/\/www.cvp.com.mx\/blog\/category\/mas-de-tus-mascotas\/especialidades-mas-de-tus-mascotas\/\">Especialidades<\/a> (3)\n<\/li>\n\t<li class=\"cat-item cat-item-7\"><a href=\"https:\/\/www.cvp.com.mx\/blog\/category\/mas-de-tus-mascotas\/tips\/\">Tips<\/a> (13)\n<\/li>\n<\/ul>\n<\/li>\n\t<li class=\"cat-item cat-item-1\"><a href=\"https:\/\/www.cvp.com.mx\/blog\/category\/sin-categoria\/\">Sin categor\u00eda<\/a> (9)\n<\/li>\n\t\t\t<\/ul>\n\n\t\t\t\t\t<\/div>\n\t\t\t\t<\/div>\n\t\t\t\t\t<\/div>\n\t\t<\/div>\n\t\t\t\t\t<\/div>\n\t\t<\/section>\n\t\t\t\t<section class=\"elementor-section elementor-top-section elementor-element elementor-element-71eedf6 elementor-section-full_width elementor-section-height-default elementor-section-height-default\" data-id=\"71eedf6\" data-element_type=\"section\">\n\t\t\t\t\t\t<div class=\"elementor-container elementor-column-gap-default\">\n\t\t\t\t\t<div class=\"elementor-column elementor-col-66 elementor-top-column elementor-element elementor-element-7ae5044 elementor-hidden-tablet elementor-hidden-phone\" data-id=\"7ae5044\" data-element_type=\"column\">\n\t\t\t<div class=\"elementor-widget-wrap elementor-element-populated\">\n\t\t\t\t\t\t<div class=\"elementor-element elementor-element-e90d6fc elementor-widget-divider--view-line elementor-widget elementor-widget-divider\" data-id=\"e90d6fc\" data-element_type=\"widget\" data-widget_type=\"divider.default\">\n\t\t\t\t<div class=\"elementor-widget-container\">\n\t\t\t\t\t<div class=\"elementor-divider\">\n\t\t\t<span class=\"elementor-divider-separator\">\n\t\t\t\t\t\t<\/span>\n\t\t<\/div>\n\t\t\t\t<\/div>\n\t\t\t\t<\/div>\n\t\t\t\t<div class=\"elementor-element elementor-element-8a361e3 elementor-widget elementor-widget-heading\" data-id=\"8a361e3\" data-element_type=\"widget\" data-widget_type=\"heading.default\">\n\t\t\t\t<div class=\"elementor-widget-container\">\n\t\t\t<h4 class=\"elementor-heading-title elementor-size-default\">OTROS POSTS<\/h4>\t\t<\/div>\n\t\t\t\t<\/div>\n\t\t\t\t<div class=\"elementor-element elementor-element-314edca elementor-widget-divider--view-line elementor-widget elementor-widget-divider\" data-id=\"314edca\" data-element_type=\"widget\" data-widget_type=\"divider.default\">\n\t\t\t\t<div class=\"elementor-widget-container\">\n\t\t\t\t\t<div class=\"elementor-divider\">\n\t\t\t<span class=\"elementor-divider-separator\">\n\t\t\t\t\t\t<\/span>\n\t\t<\/div>\n\t\t\t\t<\/div>\n\t\t\t\t<\/div>\n\t\t\t\t<div class=\"elementor-element elementor-element-465d6df elementor-widget elementor-widget-posts\" data-id=\"465d6df\" data-element_type=\"widget\" data-widget_type=\"posts.default\">\n\t\t\t\t<div class=\"elementor-widget-container\">\n\t\t\t \t\t<\/div>\n\t\t\t\t<\/div>\n\t\t\t\t\t<\/div>\n\t\t<\/div>\n\t\t\t\t<div class=\"elementor-column elementor-col-33 elementor-top-column elementor-element elementor-element-0d2978f\" data-id=\"0d2978f\" data-element_type=\"column\">\n\t\t\t<div class=\"elementor-widget-wrap elementor-element-populated\">\n\t\t\t\t\t\t<section class=\"elementor-section elementor-inner-section elementor-element elementor-element-f6ddc01 elementor-hidden-desktop elementor-section-boxed elementor-section-height-default elementor-section-height-default\" data-id=\"f6ddc01\" data-element_type=\"section\">\n\t\t\t\t\t\t<div class=\"elementor-container elementor-column-gap-default\">\n\t\t\t\t\t<div class=\"elementor-column elementor-col-50 elementor-inner-column elementor-element elementor-element-019327b\" data-id=\"019327b\" data-element_type=\"column\">\n\t\t\t<div class=\"elementor-widget-wrap elementor-element-populated\">\n\t\t\t\t\t\t<div class=\"elementor-element elementor-element-c19e8b6 elementor-widget-divider--view-line elementor-widget elementor-widget-divider\" data-id=\"c19e8b6\" data-element_type=\"widget\" data-widget_type=\"divider.default\">\n\t\t\t\t<div class=\"elementor-widget-container\">\n\t\t\t\t\t<div class=\"elementor-divider\">\n\t\t\t<span class=\"elementor-divider-separator\">\n\t\t\t\t\t\t<\/span>\n\t\t<\/div>\n\t\t\t\t<\/div>\n\t\t\t\t<\/div>\n\t\t\t\t<div class=\"elementor-element elementor-element-efa9731 elementor-widget elementor-widget-heading\" data-id=\"efa9731\" data-element_type=\"widget\" data-widget_type=\"heading.default\">\n\t\t\t\t<div class=\"elementor-widget-container\">\n\t\t\t<h4 class=\"elementor-heading-title elementor-size-default\">OTROS POSTS<\/h4>\t\t<\/div>\n\t\t\t\t<\/div>\n\t\t\t\t<div class=\"elementor-element elementor-element-09ded28 elementor-widget-divider--view-line elementor-widget elementor-widget-divider\" data-id=\"09ded28\" data-element_type=\"widget\" data-widget_type=\"divider.default\">\n\t\t\t\t<div class=\"elementor-widget-container\">\n\t\t\t\t\t<div class=\"elementor-divider\">\n\t\t\t<span class=\"elementor-divider-separator\">\n\t\t\t\t\t\t<\/span>\n\t\t<\/div>\n\t\t\t\t<\/div>\n\t\t\t\t<\/div>\n\t\t\t\t\t<\/div>\n\t\t<\/div>\n\t\t\t\t<div class=\"elementor-column elementor-col-50 elementor-inner-column elementor-element elementor-element-14d8a3c\" data-id=\"14d8a3c\" data-element_type=\"column\">\n\t\t\t<div class=\"elementor-widget-wrap elementor-element-populated\">\n\t\t\t\t\t\t<div class=\"elementor-element elementor-element-f6e4182 elementor-widget elementor-widget-posts\" data-id=\"f6e4182\" data-element_type=\"widget\" data-widget_type=\"posts.default\">\n\t\t\t\t<div class=\"elementor-widget-container\">\n\t\t\t \t\t<\/div>\n\t\t\t\t<\/div>\n\t\t\t\t\t<\/div>\n\t\t<\/div>\n\t\t\t\t\t<\/div>\n\t\t<\/section>\n\t\t\t\t\t<\/div>\n\t\t<\/div>\n\t\t\t\t\t<\/div>\n\t\t<\/section>\n\t\t\t\t<\/div>\n\t\t","protected":false},"excerpt":{"rendered":"<p>This is your site. Mature Content Warning Are you 18 yrs old? Yes Caso cl\u00ednico: Gala Ella es GALA, una pomerania de 3 meses de edad.&hellip; Leer M\u00e1s Vacunaci\u00f3n De acuerdo con el sitio especializado en informaci\u00f3n sobre salud&hellip; Leer M\u00e1s Max: paciente con Accidente Cerebrovascular El es Max un b\u00f3xer macho de 15 a\u00f1os [&hellip;]<\/p>\n","protected":false},"author":1,"featured_media":0,"parent":15,"menu_order":0,"comment_status":"closed","ping_status":"closed","template":"elementor_header_footer","meta":{"footnotes":""},"class_list":["post-72","page","type-page","status-publish","hentry"],"_links":{"self":[{"href":"https:\/\/www.cvp.com.mx\/blog\/wp-json\/wp\/v2\/pages\/72"}],"collection":[{"href":"https:\/\/www.cvp.com.mx\/blog\/wp-json\/wp\/v2\/pages"}],"about":[{"href":"https:\/\/www.cvp.com.mx\/blog\/wp-json\/wp\/v2\/types\/page"}],"author":[{"embeddable":true,"href":"https:\/\/www.cvp.com.mx\/blog\/wp-json\/wp\/v2\/users\/1"}],"replies":[{"embeddable":true,"href":"https:\/\/www.cvp.com.mx\/blog\/wp-json\/wp\/v2\/comments?post=72"}],"version-history":[{"count":30,"href":"https:\/\/www.cvp.com.mx\/blog\/wp-json\/wp\/v2\/pages\/72\/revisions"}],"predecessor-version":[{"id":458,"href":"https:\/\/www.cvp.com.mx\/blog\/wp-json\/wp\/v2\/pages\/72\/revisions\/458"}],"up":[{"embeddable":true,"href":"https:\/\/www.cvp.com.mx\/blog\/wp-json\/wp\/v2\/pages\/15"}],"wp:attachment":[{"href":"https:\/\/www.cvp.com.mx\/blog\/wp-json\/wp\/v2\/media?parent=72"}],"curies":[{"name":"wp","href":"https:\/\/api.w.org\/{rel}","templated":true}]}}